{"id":1148,"date":"2022-10-26T16:11:03","date_gmt":"2022-10-26T16:11:03","guid":{"rendered":"https:\/\/equitablebizgrowth.org\/colaboracion-entre-financiadores\/"},"modified":"2023-06-19T15:18:07","modified_gmt":"2023-06-19T15:18:07","slug":"colaboracion-entre-financiadores","status":"publish","type":"page","link":"https:\/\/equitablebizgrowth.org\/es\/colaboracion-entre-financiadores\/","title":{"rendered":"Colaboraci\u00f3n Entre Financiadores"},"content":{"rendered":"<p>[et_pb_section fb_built=&#8221;1&#8243; fullwidth=&#8221;on&#8221; _builder_version=&#8221;4.18.0&#8243; _module_preset=&#8221;default&#8221; global_colors_info=&#8221;{}&#8221;][et_pb_fullwidth_header title=&#8221;Colaboraci\u00f3n Entre Financiadores&#8221; background_overlay_color=&#8221;RGBA(255,255,255,0)&#8221; _builder_version=&#8221;4.20.0&#8243; _module_preset=&#8221;default&#8221; title_font=&#8221;Poppins|600|||||||&#8221; title_text_align=&#8221;left&#8221; title_font_size=&#8221;75px&#8221; background_enable_color=&#8221;off&#8221; use_background_color_gradient=&#8221;on&#8221; background_color_gradient_direction=&#8221;90deg&#8221; background_color_gradient_stops=&#8221;rgba(242,60,0,0.92) 0%|rgba(255,255,255,0) 60%&#8221; background_color_gradient_overlays_image=&#8221;on&#8221; background_image=&#8221;https:\/\/equitablebizgrowth.org\/wp-content\/uploads\/2023\/01\/Funders.jpg&#8221; background_position=&#8221;top_center&#8221; background_vertical_offset=&#8221;44%&#8221; background_blend=&#8221;multiply&#8221; height=&#8221;705px&#8221; height_tablet=&#8221;400px&#8221; height_phone=&#8221;225px&#8221; height_last_edited=&#8221;on|desktop&#8221; custom_margin=&#8221;0px|0px|||false|false&#8221; custom_padding=&#8221;340px|400px|0px|0px|false|false&#8221; custom_padding_tablet=&#8221;185px|||40px|false|false&#8221; custom_padding_phone=&#8221;80px|||40px|false|false&#8221; custom_padding_last_edited=&#8221;on|phone&#8221; hover_enabled=&#8221;0&#8243; title_font_size_tablet=&#8221;40px&#8221; title_font_size_phone=&#8221;25px&#8221; title_font_size_last_edited=&#8221;on|phone&#8221; background_last_edited=&#8221;on|phone&#8221; use_background_color_gradient_tablet=&#8221;on&#8221; background_color_gradient_stops_tablet=&#8221;rgba(242,60,0,0.92) 0%|rgba(255,255,255,0) 75%&#8221; global_colors_info=&#8221;{}&#8221; sticky_enabled=&#8221;0&#8243;][\/et_pb_fullwidth_header][\/et_pb_section][et_pb_section fb_built=&#8221;1&#8243; _builder_version=&#8221;4.18.0&#8243; _module_preset=&#8221;default&#8221; custom_padding=&#8221;||||false|false&#8221; global_colors_info=&#8221;{}&#8221;][et_pb_row _builder_version=&#8221;4.18.0&#8243; _module_preset=&#8221;default&#8221; max_width=&#8221;1200px&#8221; custom_padding=&#8221;0px||0px||false|false&#8221; global_colors_info=&#8221;{}&#8221;][et_pb_column type=&#8221;4_4&#8243; _builder_version=&#8221;4.18.0&#8243; _module_preset=&#8221;default&#8221; global_colors_info=&#8221;{}&#8221;][et_pb_text _builder_version=&#8221;4.18.0&#8243; _module_preset=&#8221;default&#8221; text_font=&#8221;Poppins||||||||&#8221; text_text_color=&#8221;#404041&#8243; text_font_size=&#8221;22px&#8221; text_line_height=&#8221;1.6em&#8221; header_font_size=&#8221;35px&#8221; header_3_font=&#8221;Poppins|600|||||||&#8221; header_3_text_color=&#8221;#F15A29&#8243; header_3_font_size=&#8221;32px&#8221; header_3_line_height=&#8221;1.5em&#8221; header_4_font=&#8221;Poppins|600|||||||&#8221; header_4_text_color=&#8221;#404041&#8243; header_4_font_size=&#8221;32px&#8221; header_4_line_height=&#8221;1.5em&#8221; text_font_size_tablet=&#8221;18px&#8221; text_font_size_phone=&#8221;16px&#8221; text_font_size_last_edited=&#8221;on|phone&#8221; header_3_font_size_tablet=&#8221;22px&#8221; header_3_font_size_phone=&#8221;18px&#8221; header_3_font_size_last_edited=&#8221;on|phone&#8221; header_4_font_size_tablet=&#8221;22px&#8221; header_4_font_size_phone=&#8221;18px&#8221; header_4_font_size_last_edited=&#8221;on|phone&#8221; inline_fonts=&#8221;Poppins&#8221; global_colors_info=&#8221;{}&#8221;]<\/p>\n<h4>El FEBG est\u00e1 gestionado por su Comit\u00e9 Asesor, compuesto por el director del fondo y representantes de las filantrop\u00edas que participan en las actividades de subvenciones conjuntas del FEBG.<\/h4>\n<p>&nbsp;<\/p>\n<p>El Comit\u00e9 Asesor dirige la gesti\u00f3n del Fondo para el Crecimiento Empresarial Equitativo, toma decisiones sobre estrategias filantr\u00f3picas y asigna y dirige la distribuci\u00f3n de fondos para impulsar sus estrategias filantr\u00f3picas.<\/p>\n<p>Todos los financiadores son socios igualitarios, independientemente de su nivel de financiamiento. Los financiadores pueden elegir en qu\u00e9 grupos de trabajo participan base a los intereses o las prioridades estrat\u00e9gicas de sus organizaciones.<\/p>\n<p>&nbsp;<\/p>\n<h3>Financiadores Actuales del FEBG<\/h3>\n<p>[\/et_pb_text][\/et_pb_column][\/et_pb_row][et_pb_row column_structure=&#8221;1_3,1_3,1_3&#8243; module_class=&#8221;three-col-tab &#8221; _builder_version=&#8221;4.18.0&#8243; _module_preset=&#8221;default&#8221; width_tablet=&#8221;80%&#8221; width_phone=&#8221;40%&#8221; width_last_edited=&#8221;on|phone&#8221; max_width=&#8221;1200px&#8221; global_colors_info=&#8221;{}&#8221;][et_pb_column type=&#8221;1_3&#8243; _builder_version=&#8221;4.18.0&#8243; _module_preset=&#8221;default&#8221; global_colors_info=&#8221;{}&#8221;][et_pb_image src=&#8221;https:\/\/equitablebizgrowth.org\/wp-content\/uploads\/2022\/10\/CCT-Logo.png&#8221; alt=&#8221;Cook County Small Business Source&#8221; title_text=&#8221;CCT Logo&#8221; url=&#8221;https:\/\/www.cct.org&#8221; url_new_window=&#8221;on&#8221; _builder_version=&#8221;4.18.0&#8243; _module_preset=&#8221;default&#8221; global_colors_info=&#8221;{}&#8221;][\/et_pb_image][\/et_pb_column][et_pb_column type=&#8221;1_3&#8243; _builder_version=&#8221;4.18.0&#8243; _module_preset=&#8221;default&#8221; global_colors_info=&#8221;{}&#8221;][et_pb_image src=&#8221;https:\/\/equitablebizgrowth.org\/wp-content\/uploads\/2022\/10\/The-Christopher-Family-Foundation-Logo.png&#8221; title_text=&#8221;The Christopher Family Foundation Logo&#8221; url=&#8221;https:\/\/christopherff.org&#8221; url_new_window=&#8221;on&#8221; _builder_version=&#8221;4.18.0&#8243; _module_preset=&#8221;default&#8221; global_colors_info=&#8221;{}&#8221;][\/et_pb_image][\/et_pb_column][et_pb_column type=&#8221;1_3&#8243; _builder_version=&#8221;4.18.0&#8243; _module_preset=&#8221;default&#8221; global_colors_info=&#8221;{}&#8221;][et_pb_image src=&#8221;https:\/\/equitablebizgrowth.org\/wp-content\/uploads\/2022\/10\/Coleman-Foundation-Logo.png&#8221; alt=&#8221;Venturize, powered by Small Business Majority&#8221; title_text=&#8221;Coleman Foundation Logo&#8221; url=&#8221;https:\/\/www.colemanfoundation.org&#8221; url_new_window=&#8221;on&#8221; _builder_version=&#8221;4.18.0&#8243; _module_preset=&#8221;default&#8221; global_colors_info=&#8221;{}&#8221;][\/et_pb_image][\/et_pb_column][\/et_pb_row][et_pb_row column_structure=&#8221;1_3,1_3,1_3&#8243; module_class=&#8221;three-col-tab&#8221; _builder_version=&#8221;4.18.0&#8243; _module_preset=&#8221;default&#8221; width_tablet=&#8221;80%&#8221; width_phone=&#8221;40%&#8221; width_last_edited=&#8221;on|phone&#8221; max_width=&#8221;1200px&#8221; global_colors_info=&#8221;{}&#8221;][et_pb_column type=&#8221;1_3&#8243; _builder_version=&#8221;4.18.0&#8243; _module_preset=&#8221;default&#8221; global_colors_info=&#8221;{}&#8221;][et_pb_image src=&#8221;https:\/\/equitablebizgrowth.org\/wp-content\/uploads\/2022\/10\/Crown-Family-Philanthropies-Logo.png&#8221; alt=&#8221;Cook County Small Business Source&#8221; title_text=&#8221;Crown Family Philanthropies Logo&#8221; url=&#8221;https:\/\/crownfamilyphilanthropies.org&#8221; url_new_window=&#8221;on&#8221; _builder_version=&#8221;4.18.0&#8243; _module_preset=&#8221;default&#8221; global_colors_info=&#8221;{}&#8221;][\/et_pb_image][\/et_pb_column][et_pb_column type=&#8221;1_3&#8243; _builder_version=&#8221;4.18.0&#8243; _module_preset=&#8221;default&#8221; global_colors_info=&#8221;{}&#8221;][et_pb_image src=&#8221;https:\/\/equitablebizgrowth.org\/wp-content\/uploads\/2022\/10\/JP-Morgan-Chase-Logo.png&#8221; title_text=&#8221;JP Morgan Chase Logo&#8221; url=&#8221;https:\/\/www.jpmorganchase.com\/impact&#8221; url_new_window=&#8221;on&#8221; _builder_version=&#8221;4.18.0&#8243; _module_preset=&#8221;default&#8221; global_colors_info=&#8221;{}&#8221;][\/et_pb_image][\/et_pb_column][et_pb_column type=&#8221;1_3&#8243; _builder_version=&#8221;4.18.0&#8243; _module_preset=&#8221;default&#8221; global_colors_info=&#8221;{}&#8221;][et_pb_image src=&#8221;https:\/\/equitablebizgrowth.org\/wp-content\/uploads\/2022\/10\/MacArthur-Foundation.png&#8221; alt=&#8221;MacArthur Foundation&#8221; title_text=&#8221;MacArthur Foundation&#8221; url=&#8221;https:\/\/www.macfound.org&#8221; url_new_window=&#8221;on&#8221; _builder_version=&#8221;4.18.0&#8243; _module_preset=&#8221;default&#8221; global_colors_info=&#8221;{}&#8221;][\/et_pb_image][\/et_pb_column][\/et_pb_row][et_pb_row column_structure=&#8221;1_3,1_3,1_3&#8243; module_class=&#8221;three-col-tab&#8221; _builder_version=&#8221;4.18.0&#8243; _module_preset=&#8221;default&#8221; width_tablet=&#8221;80%&#8221; width_phone=&#8221;40%&#8221; width_last_edited=&#8221;on|phone&#8221; max_width=&#8221;1200px&#8221; global_colors_info=&#8221;{}&#8221;][et_pb_column type=&#8221;1_3&#8243; _builder_version=&#8221;4.18.0&#8243; _module_preset=&#8221;default&#8221; global_colors_info=&#8221;{}&#8221;][et_pb_image src=&#8221;https:\/\/equitablebizgrowth.org\/wp-content\/uploads\/2022\/10\/Polk-Bros-Foundation.png&#8221; alt=&#8221;Polk Bros Foundation&#8221; title_text=&#8221;Polk Bros Foundation&#8221; url=&#8221;https:\/\/www.polkbrosfdn.org&#8221; url_new_window=&#8221;on&#8221; _builder_version=&#8221;4.18.0&#8243; _module_preset=&#8221;default&#8221; global_colors_info=&#8221;{}&#8221;][\/et_pb_image][\/et_pb_column][et_pb_column type=&#8221;1_3&#8243; _builder_version=&#8221;4.18.0&#8243; _module_preset=&#8221;default&#8221; global_colors_info=&#8221;{}&#8221;][et_pb_image src=&#8221;https:\/\/equitablebizgrowth.org\/wp-content\/uploads\/2022\/10\/Rockefeller-Foundation-Logo.png&#8221; alt=&#8221;Venturize, powered by Small Business Majority&#8221; title_text=&#8221;Rockefeller Foundation Logo&#8221; url=&#8221;https:\/\/www.rockefellerfoundation.org&#8221; url_new_window=&#8221;on&#8221; _builder_version=&#8221;4.18.0&#8243; _module_preset=&#8221;default&#8221; global_colors_info=&#8221;{}&#8221;][\/et_pb_image][\/et_pb_column][et_pb_column type=&#8221;1_3&#8243; _builder_version=&#8221;4.18.0&#8243; _module_preset=&#8221;default&#8221; global_colors_info=&#8221;{}&#8221;][\/et_pb_column][\/et_pb_row][\/et_pb_section]<\/p>\n","protected":false},"excerpt":{"rendered":"<p>El FEBG est\u00e1 gestionado por su Comit\u00e9 Asesor, compuesto por el director del fondo y representantes de las filantrop\u00edas que participan en las actividades de subvenciones conjuntas del FEBG. &nbsp; El Comit\u00e9 Asesor dirige la gesti\u00f3n del Fondo para el Crecimiento Empresarial Equitativo, toma decisiones sobre estrategias filantr\u00f3picas y asigna y dirige la distribuci\u00f3n de [&hellip;]<\/p>\n","protected":false},"author":1,"featured_media":0,"parent":0,"menu_order":0,"comment_status":"closed","ping_status":"closed","template":"","meta":{"_et_pb_use_builder":"on","_et_pb_old_content":"","_et_gb_content_width":"","footnotes":""},"class_list":["post-1148","page","type-page","status-publish","hentry"],"_links":{"self":[{"href":"https:\/\/equitablebizgrowth.org\/es\/wp-json\/wp\/v2\/pages\/1148","targetHints":{"allow":["GET"]}}],"collection":[{"href":"https:\/\/equitablebizgrowth.org\/es\/wp-json\/wp\/v2\/pages"}],"about":[{"href":"https:\/\/equitablebizgrowth.org\/es\/wp-json\/wp\/v2\/types\/page"}],"author":[{"embeddable":true,"href":"https:\/\/equitablebizgrowth.org\/es\/wp-json\/wp\/v2\/users\/1"}],"replies":[{"embeddable":true,"href":"https:\/\/equitablebizgrowth.org\/es\/wp-json\/wp\/v2\/comments?post=1148"}],"version-history":[{"count":18,"href":"https:\/\/equitablebizgrowth.org\/es\/wp-json\/wp\/v2\/pages\/1148\/revisions"}],"predecessor-version":[{"id":1452,"href":"https:\/\/equitablebizgrowth.org\/es\/wp-json\/wp\/v2\/pages\/1148\/revisions\/1452"}],"wp:attachment":[{"href":"https:\/\/equitablebizgrowth.org\/es\/wp-json\/wp\/v2\/media?parent=1148"}],"curies":[{"name":"wp","href":"https:\/\/api.w.org\/{rel}","templated":true}]}}