{"id":1173,"date":"2022-10-26T17:44:45","date_gmt":"2022-10-26T17:44:45","guid":{"rendered":"https:\/\/equitablebizgrowth.org\/impacto\/"},"modified":"2025-04-09T21:08:40","modified_gmt":"2025-04-09T21:08:40","slug":"impacto","status":"publish","type":"page","link":"https:\/\/equitablebizgrowth.org\/es\/impacto\/","title":{"rendered":"Impacto"},"content":{"rendered":"<p>[et_pb_section fb_built=&#8221;1&#8243; fullwidth=&#8221;on&#8221; _builder_version=&#8221;4.18.0&#8243; _module_preset=&#8221;default&#8221; global_colors_info=&#8221;{}&#8221;][et_pb_fullwidth_header title=&#8221;Impacto&#8221; background_overlay_color=&#8221;RGBA(255,255,255,0)&#8221; _builder_version=&#8221;4.20.0&#8243; _module_preset=&#8221;default&#8221; title_font=&#8221;Poppins|600|||||||&#8221; title_text_align=&#8221;left&#8221; title_font_size=&#8221;75px&#8221; background_enable_color=&#8221;off&#8221; use_background_color_gradient=&#8221;on&#8221; background_color_gradient_direction=&#8221;90deg&#8221; background_color_gradient_stops=&#8221;rgba(242,60,0,0.92) 0%|rgba(255,255,255,0) 51%&#8221; background_color_gradient_overlays_image=&#8221;on&#8221; background_image=&#8221;https:\/\/equitablebizgrowth.org\/wp-content\/uploads\/2023\/01\/Impact.jpg&#8221; background_position=&#8221;top_center&#8221; background_vertical_offset=&#8221;62%&#8221; background_blend=&#8221;multiply&#8221; height=&#8221;705px&#8221; height_tablet=&#8221;400px&#8221; height_phone=&#8221;225px&#8221; height_last_edited=&#8221;on|desktop&#8221; custom_margin=&#8221;0px|0px|||false|false&#8221; custom_padding=&#8221;340px|400px|0px|0px|false|false&#8221; custom_padding_tablet=&#8221;185px|||40px|false|false&#8221; custom_padding_phone=&#8221;80px|||40px|false|false&#8221; custom_padding_last_edited=&#8221;on|phone&#8221; title_font_size_tablet=&#8221;40px&#8221; title_font_size_phone=&#8221;25px&#8221; title_font_size_last_edited=&#8221;on|phone&#8221; background_last_edited=&#8221;on|phone&#8221; use_background_color_gradient_tablet=&#8221;on&#8221; background_color_gradient_stops_tablet=&#8221;rgba(242,60,0,0.92) 0%|rgba(255,255,255,0) 75%&#8221; global_colors_info=&#8221;{}&#8221;][\/et_pb_fullwidth_header][\/et_pb_section][et_pb_section fb_built=&#8221;1&#8243; _builder_version=&#8221;4.18.0&#8243; _module_preset=&#8221;default&#8221; custom_padding=&#8221;||||false|false&#8221; global_colors_info=&#8221;{}&#8221;][et_pb_row _builder_version=&#8221;4.18.0&#8243; _module_preset=&#8221;default&#8221; max_width=&#8221;1200px&#8221; custom_padding=&#8221;0px||0px||false|false&#8221; global_colors_info=&#8221;{}&#8221;][et_pb_column type=&#8221;4_4&#8243; _builder_version=&#8221;4.18.0&#8243; _module_preset=&#8221;default&#8221; global_colors_info=&#8221;{}&#8221;][et_pb_text _builder_version=&#8221;4.20.0&#8243; _module_preset=&#8221;default&#8221; text_font=&#8221;Poppins||||||||&#8221; text_text_color=&#8221;#404041&#8243; text_font_size=&#8221;22px&#8221; text_line_height=&#8221;1.6em&#8221; header_font_size=&#8221;35px&#8221; header_3_font=&#8221;Poppins|600|||||||&#8221; header_3_text_color=&#8221;#F15A29&#8243; header_3_font_size=&#8221;32px&#8221; header_3_line_height=&#8221;1.5em&#8221; header_4_font=&#8221;Poppins|600|||||||&#8221; header_4_text_color=&#8221;#404041&#8243; header_4_font_size=&#8221;32px&#8221; header_4_line_height=&#8221;1.5em&#8221; custom_margin_tablet=&#8221;&#8221; custom_margin_phone=&#8221;auto||||false|false&#8221; custom_margin_last_edited=&#8221;on|phone&#8221; custom_padding=&#8221;||||false|false&#8221; hover_enabled=&#8221;0&#8243; text_font_size_tablet=&#8221;18px&#8221; text_font_size_phone=&#8221;16px&#8221; text_font_size_last_edited=&#8221;on|desktop&#8221; header_4_font_size_tablet=&#8221;22px&#8221; header_4_font_size_phone=&#8221;18px&#8221; header_4_font_size_last_edited=&#8221;on|phone&#8221; inline_fonts=&#8221;Poppins&#8221; global_colors_info=&#8221;{}&#8221; sticky_enabled=&#8221;0&#8243;]<\/p>\n<h4>Las comunidades negras y latinas han sido excluidas de la conversaci\u00f3n durante demasiado tiempo y han perdido oportunidades de crear patrimonio tanto para s\u00ed mismas como para sus comunidades.<\/h4>\n<p>&nbsp;<\/p>\n<p>El trabajo de la FEBG permite que los empresarios negros y latinos obtengan los recursos que necesitan para hacer crecer sus negocios y aumentar su riqueza. Parte de ello incluye invertir en el ecosistema que apoya a estos emprendedores para que las futuras generaciones de emprendedores no se enfrenten a las mismas barreras.<\/p>\n<p>Apoyar a los empresarios negros y latinos crea oportunidades de desarrollo econ\u00f3mico y empleo local, vecindarios m\u00e1s sanos y seguros y una regi\u00f3n econ\u00f3mica m\u00e1s inclusiva y equitativa.<\/p>\n<h3><\/h3>\n<p>[\/et_pb_text][\/et_pb_column][\/et_pb_row][\/et_pb_section][et_pb_section fb_built=&#8221;1&#8243; custom_padding_last_edited=&#8221;on|phone&#8221; _builder_version=&#8221;4.18.0&#8243; _module_preset=&#8221;default&#8221; background_color=&#8221;#404041&#8243; custom_padding=&#8221;45px||45px||false|false&#8221; custom_padding_tablet=&#8221;35px||35px||false|false&#8221; custom_padding_phone=&#8221;20px||20px||false|false&#8221; global_colors_info=&#8221;{}&#8221;][et_pb_row _builder_version=&#8221;4.18.0&#8243; _module_preset=&#8221;default&#8221; max_width=&#8221;1280px&#8221; custom_padding=&#8221;||10px||false|false&#8221; global_colors_info=&#8221;{}&#8221;][et_pb_column type=&#8221;4_4&#8243; _builder_version=&#8221;4.18.0&#8243; _module_preset=&#8221;default&#8221; global_colors_info=&#8221;{}&#8221;][et_pb_text _builder_version=&#8221;4.18.0&#8243; _module_preset=&#8221;default&#8221; text_font=&#8221;Poppins||||||||&#8221; text_text_color=&#8221;#404041&#8243; text_font_size=&#8221;22px&#8221; text_line_height=&#8221;1.6em&#8221; header_font_size=&#8221;35px&#8221; header_2_font=&#8221;Poppins|700|||||||&#8221; header_2_text_align=&#8221;center&#8221; header_2_text_color=&#8221;#FFFFFF&#8221; header_2_font_size=&#8221;40px&#8221; header_2_letter_spacing=&#8221;1px&#8221; header_2_line_height=&#8221;1.6em&#8221; header_3_font=&#8221;Poppins|600|||||||&#8221; header_3_text_color=&#8221;#F15A29&#8243; header_3_font_size=&#8221;32px&#8221; header_3_line_height=&#8221;1.5em&#8221; header_4_font=&#8221;Poppins|600|||||||&#8221; header_4_text_color=&#8221;#404041&#8243; header_4_font_size=&#8221;32px&#8221; header_4_line_height=&#8221;1.5em&#8221; background_color=&#8221;RGBA(255,255,255,0)&#8221; header_2_font_size_tablet=&#8221;28px&#8221; header_2_font_size_phone=&#8221;22px&#8221; header_2_font_size_last_edited=&#8221;on|phone&#8221; inline_fonts=&#8221;Poppins&#8221; global_colors_info=&#8221;{}&#8221;]<\/p>\n<h2><span style=\"color: #d8e14e;\">Estamos trabajamos por un entorno m\u00e1s inclusivo y equitativo<\/span> para las futuras generaciones de emprendedores.<\/h2>\n<h3><\/h3>\n<p>[\/et_pb_text][\/et_pb_column][\/et_pb_row][\/et_pb_section][et_pb_section fb_built=&#8221;1&#8243; _builder_version=&#8221;4.18.0&#8243; _module_preset=&#8221;default&#8221; custom_padding=&#8221;||||false|false&#8221; global_colors_info=&#8221;{}&#8221;][et_pb_row _builder_version=&#8221;4.18.0&#8243; _module_preset=&#8221;default&#8221; max_width=&#8221;1200px&#8221; custom_padding=&#8221;0px||0px||false|false&#8221; global_colors_info=&#8221;{}&#8221;][et_pb_column type=&#8221;4_4&#8243; _builder_version=&#8221;4.18.0&#8243; _module_preset=&#8221;default&#8221; global_colors_info=&#8221;{}&#8221;][et_pb_text _builder_version=&#8221;4.18.0&#8243; _module_preset=&#8221;default&#8221; text_font=&#8221;Poppins||||||||&#8221; text_text_color=&#8221;#404041&#8243; text_font_size=&#8221;22px&#8221; text_line_height=&#8221;1.6em&#8221; header_font_size=&#8221;35px&#8221; header_3_font=&#8221;Poppins|600|||||||&#8221; header_3_text_color=&#8221;#F15A29&#8243; header_3_font_size=&#8221;32px&#8221; header_3_line_height=&#8221;1.5em&#8221; header_4_font=&#8221;Poppins|600|||||||&#8221; header_4_text_color=&#8221;#404041&#8243; header_4_font_size=&#8221;32px&#8221; header_4_line_height=&#8221;1.5em&#8221; custom_padding_tablet=&#8221;||0px||false|false&#8221; custom_padding_phone=&#8221;||0px||false|false&#8221; custom_padding_last_edited=&#8221;on|phone&#8221; header_3_font_size_tablet=&#8221;22px&#8221; header_3_font_size_phone=&#8221;18px&#8221; header_3_font_size_last_edited=&#8221;on|phone&#8221; inline_fonts=&#8221;Poppins&#8221; global_colors_info=&#8221;{}&#8221;]<\/p>\n<h3>Progreso<\/h3>\n<h3><\/h3>\n<p>[\/et_pb_text][\/et_pb_column][\/et_pb_row][et_pb_row column_structure=&#8221;1_3,1_3,1_3&#8243; _builder_version=&#8221;4.18.0&#8243; _module_preset=&#8221;default&#8221; max_width=&#8221;1200px&#8221; custom_padding=&#8221;||30px||false|false&#8221; global_colors_info=&#8221;{}&#8221;][et_pb_column type=&#8221;1_3&#8243; _builder_version=&#8221;4.18.0&#8243; _module_preset=&#8221;default&#8221; global_colors_info=&#8221;{}&#8221;][et_pb_text _builder_version=&#8221;4.18.0&#8243; _module_preset=&#8221;default&#8221; text_font=&#8221;Poppins|600|||||||&#8221; text_text_color=&#8221;#404041&#8243; text_font_size=&#8221;22px&#8221; text_line_height=&#8221;1.6em&#8221; header_5_font=&#8221;Poppins|700|||||||&#8221; header_5_text_color=&#8221;#4DBFA7&#8243; header_5_font_size=&#8221;100px&#8221; text_font_size_tablet=&#8221;20px&#8221; text_font_size_phone=&#8221;16px&#8221; text_font_size_last_edited=&#8221;on|phone&#8221; header_5_font_size_tablet=&#8221;85px&#8221; header_5_font_size_phone=&#8221;70px&#8221; header_5_font_size_last_edited=&#8221;on|phone&#8221; global_colors_info=&#8221;{}&#8221;]<\/p>\n<h5 style=\"text-align: center;\">2,547<\/h5>\n<p style=\"text-align: center;\">negocios atendidas<\/p>\n<p>[\/et_pb_text][\/et_pb_column][et_pb_column type=&#8221;1_3&#8243; _builder_version=&#8221;4.18.0&#8243; _module_preset=&#8221;default&#8221; global_colors_info=&#8221;{}&#8221;][et_pb_text _builder_version=&#8221;4.18.0&#8243; _module_preset=&#8221;default&#8221; text_font=&#8221;Poppins|600|||||||&#8221; text_text_color=&#8221;#404041&#8243; text_font_size=&#8221;22px&#8221; text_line_height=&#8221;1.6em&#8221; header_5_font=&#8221;Poppins|700|||||||&#8221; header_5_text_color=&#8221;#4DBFA7&#8243; header_5_font_size=&#8221;100px&#8221; text_font_size_tablet=&#8221;20px&#8221; text_font_size_phone=&#8221;16px&#8221; text_font_size_last_edited=&#8221;on|phone&#8221; header_5_font_size_tablet=&#8221;85px&#8221; header_5_font_size_phone=&#8221;70px&#8221; header_5_font_size_last_edited=&#8221;on|phone&#8221; global_colors_info=&#8221;{}&#8221;]<\/p>\n<h5 style=\"text-align: center;\">877<\/h5>\n<p style=\"text-align: center;\">due\u00f1os de negocios infrarrepresentados atendidos<\/p>\n<p>[\/et_pb_text][\/et_pb_column][et_pb_column type=&#8221;1_3&#8243; _builder_version=&#8221;4.18.0&#8243; _module_preset=&#8221;default&#8221; global_colors_info=&#8221;{}&#8221;][et_pb_text _builder_version=&#8221;4.18.0&#8243; _module_preset=&#8221;default&#8221; text_font=&#8221;Poppins|600|||||||&#8221; text_text_color=&#8221;#404041&#8243; text_font_size=&#8221;22px&#8221; text_line_height=&#8221;1.6em&#8221; header_5_font=&#8221;Poppins|700|||||||&#8221; header_5_text_color=&#8221;#4DBFA7&#8243; header_5_font_size=&#8221;100px&#8221; text_font_size_tablet=&#8221;20px&#8221; text_font_size_phone=&#8221;16px&#8221; text_font_size_last_edited=&#8221;on|phone&#8221; header_5_font_size_tablet=&#8221;85px&#8221; header_5_font_size_phone=&#8221;70px&#8221; header_5_font_size_last_edited=&#8221;on|phone&#8221; global_colors_info=&#8221;{}&#8221;]<\/p>\n<h5 style=\"text-align: center;\">670<\/h5>\n<p style=\"text-align: center;\">empleos creados o conservados<\/p>\n<p>[\/et_pb_text][\/et_pb_column][\/et_pb_row][et_pb_row column_structure=&#8221;1_3,1_3,1_3&#8243; custom_padding_last_edited=&#8221;on|phone&#8221; _builder_version=&#8221;4.18.0&#8243; _module_preset=&#8221;default&#8221; max_width=&#8221;1200px&#8221; custom_padding=&#8221;||0px||false|false&#8221; custom_padding_tablet=&#8221;0px||15px||false|false&#8221; custom_padding_phone=&#8221;||0px||false|false&#8221; global_colors_info=&#8221;{}&#8221;][et_pb_column type=&#8221;1_3&#8243; _builder_version=&#8221;4.18.0&#8243; _module_preset=&#8221;default&#8221; global_colors_info=&#8221;{}&#8221;][et_pb_text _builder_version=&#8221;4.18.0&#8243; _module_preset=&#8221;default&#8221; text_font=&#8221;Poppins|600|||||||&#8221; text_text_color=&#8221;#404041&#8243; text_font_size=&#8221;22px&#8221; text_line_height=&#8221;1.6em&#8221; header_5_font=&#8221;Poppins|700|||||||&#8221; header_5_text_color=&#8221;#4DBFA7&#8243; header_5_font_size=&#8221;100px&#8221; text_font_size_tablet=&#8221;20px&#8221; text_font_size_phone=&#8221;16px&#8221; text_font_size_last_edited=&#8221;on|phone&#8221; header_5_font_size_tablet=&#8221;85px&#8221; header_5_font_size_phone=&#8221;70px&#8221; header_5_font_size_last_edited=&#8221;on|phone&#8221; global_colors_info=&#8221;{}&#8221;]<\/p>\n<h5 style=\"text-align: center;\">157<\/h5>\n<p style=\"text-align: center;\">negocios obtuvieron las certificaciones requeridas<\/p>\n<p>[\/et_pb_text][\/et_pb_column][et_pb_column type=&#8221;1_3&#8243; _builder_version=&#8221;4.18.0&#8243; _module_preset=&#8221;default&#8221; global_colors_info=&#8221;{}&#8221;][et_pb_text _builder_version=&#8221;4.18.0&#8243; _module_preset=&#8221;default&#8221; text_font=&#8221;Poppins|600|||||||&#8221; text_text_color=&#8221;#404041&#8243; text_font_size=&#8221;22px&#8221; text_line_height=&#8221;1.6em&#8221; header_5_font=&#8221;Poppins|700|||||||&#8221; header_5_text_color=&#8221;#4DBFA7&#8243; header_5_font_size=&#8221;100px&#8221; text_font_size_tablet=&#8221;20px&#8221; text_font_size_phone=&#8221;16px&#8221; text_font_size_last_edited=&#8221;on|phone&#8221; header_5_font_size_tablet=&#8221;85px&#8221; header_5_font_size_phone=&#8221;70px&#8221; header_5_font_size_last_edited=&#8221;on|phone&#8221; global_colors_info=&#8221;{}&#8221;]<\/p>\n<h5 style=\"text-align: center;\">$8m+<\/h5>\n<p style=\"text-align: center;\">conseguidos por las empresas<\/p>\n<p>[\/et_pb_text][\/et_pb_column][et_pb_column type=&#8221;1_3&#8243; _builder_version=&#8221;4.18.0&#8243; _module_preset=&#8221;default&#8221; global_colors_info=&#8221;{}&#8221;][et_pb_text _builder_version=&#8221;4.18.0&#8243; _module_preset=&#8221;default&#8221; text_font=&#8221;Poppins|600|||||||&#8221; text_text_color=&#8221;#404041&#8243; text_font_size=&#8221;22px&#8221; text_line_height=&#8221;1.6em&#8221; header_5_font=&#8221;Poppins|700|||||||&#8221; header_5_text_color=&#8221;#4DBFA7&#8243; header_5_font_size=&#8221;100px&#8221; text_font_size_tablet=&#8221;20px&#8221; text_font_size_phone=&#8221;16px&#8221; text_font_size_last_edited=&#8221;on|phone&#8221; header_5_font_size_tablet=&#8221;85px&#8221; header_5_font_size_phone=&#8221;70px&#8221; header_5_font_size_last_edited=&#8221;on|phone&#8221; global_colors_info=&#8221;{}&#8221;]<\/p>\n<h5 style=\"text-align: center;\">$6m+<\/h5>\n<p style=\"text-align: center;\">concedidos a BSOs que apoyan a due\u00f1os de negocios<\/p>\n<p>[\/et_pb_text][\/et_pb_column][\/et_pb_row][\/et_pb_section][et_pb_section fb_built=&#8221;1&#8243; custom_padding_last_edited=&#8221;on|phone&#8221; _builder_version=&#8221;4.18.0&#8243; _module_preset=&#8221;default&#8221; background_color=&#8221;#404041&#8243; custom_padding=&#8221;45px||45px||false|false&#8221; custom_padding_tablet=&#8221;35px||35px||false|false&#8221; custom_padding_phone=&#8221;20px||20px||false|false&#8221; global_colors_info=&#8221;{}&#8221;][et_pb_row _builder_version=&#8221;4.18.0&#8243; _module_preset=&#8221;default&#8221; max_width=&#8221;1280px&#8221; custom_padding=&#8221;||10px||false|false&#8221; global_colors_info=&#8221;{}&#8221;][et_pb_column type=&#8221;4_4&#8243; _builder_version=&#8221;4.18.0&#8243; _module_preset=&#8221;default&#8221; global_colors_info=&#8221;{}&#8221;][et_pb_text _builder_version=&#8221;4.20.0&#8243; _module_preset=&#8221;default&#8221; text_font=&#8221;Poppins||||||||&#8221; text_text_color=&#8221;#404041&#8243; text_font_size=&#8221;22px&#8221; text_line_height=&#8221;1.6em&#8221; header_font_size=&#8221;35px&#8221; header_2_font=&#8221;Poppins|700|||||||&#8221; header_2_text_align=&#8221;center&#8221; header_2_text_color=&#8221;#FFFFFF&#8221; header_2_font_size=&#8221;40px&#8221; header_2_letter_spacing=&#8221;1px&#8221; header_2_line_height=&#8221;1.6em&#8221; header_3_font=&#8221;Poppins|600|||||||&#8221; header_3_text_color=&#8221;#F15A29&#8243; header_3_font_size=&#8221;32px&#8221; header_3_line_height=&#8221;1.5em&#8221; header_4_font=&#8221;Poppins|600|||||||&#8221; header_4_text_color=&#8221;#404041&#8243; header_4_font_size=&#8221;32px&#8221; header_4_line_height=&#8221;1.5em&#8221; background_color=&#8221;RGBA(255,255,255,0)&#8221; hover_enabled=&#8221;0&#8243; header_2_font_size_tablet=&#8221;28px&#8221; header_2_font_size_phone=&#8221;22px&#8221; header_2_font_size_last_edited=&#8221;on|phone&#8221; inline_fonts=&#8221;Poppins&#8221; global_colors_info=&#8221;{}&#8221; sticky_enabled=&#8221;0&#8243;]<\/p>\n<h2><span style=\"color: #d8e14e;\">Realizamos un seguimiento continuo de nuestro progreso<\/span> para garantizar que los empresarios negros y latinos se benefician de la financiaci\u00f3n que proporcionamos.<\/h2>\n<h3><\/h3>\n<p>[\/et_pb_text][\/et_pb_column][\/et_pb_row][\/et_pb_section][et_pb_section fb_built=&#8221;1&#8243; _builder_version=&#8221;4.18.0&#8243; _module_preset=&#8221;default&#8221; custom_padding=&#8221;||||false|false&#8221; global_colors_info=&#8221;{}&#8221;][et_pb_row _builder_version=&#8221;4.18.0&#8243; _module_preset=&#8221;default&#8221; max_width=&#8221;1200px&#8221; custom_padding=&#8221;0px||0px||false|false&#8221; global_colors_info=&#8221;{}&#8221;][et_pb_column type=&#8221;4_4&#8243; _builder_version=&#8221;4.18.0&#8243; _module_preset=&#8221;default&#8221; global_colors_info=&#8221;{}&#8221;][et_pb_text _builder_version=&#8221;4.18.0&#8243; _module_preset=&#8221;default&#8221; header_3_font=&#8221;Poppins|600|||||||&#8221; header_3_text_color=&#8221;#F15A29&#8243; header_3_font_size=&#8221;32px&#8221; custom_margin_tablet=&#8221;||10px||false|false&#8221; custom_margin_phone=&#8221;||0px||false|false&#8221; custom_margin_last_edited=&#8221;on|tablet&#8221; header_3_font_size_tablet=&#8221;22px&#8221; header_3_font_size_phone=&#8221;18px&#8221; header_3_font_size_last_edited=&#8221;on|phone&#8221; global_colors_info=&#8221;{}&#8221;]<\/p>\n<h3>Medici\u00f3n de Resultados<\/h3>\n<p>[\/et_pb_text][et_pb_text _builder_version=&#8221;4.18.0&#8243; _module_preset=&#8221;default&#8221; text_font=&#8221;Poppins||||||||&#8221; text_text_color=&#8221;#404041&#8243; text_font_size=&#8221;22px&#8221; text_line_height=&#8221;1.6em&#8221; header_font_size=&#8221;35px&#8221; header_3_font=&#8221;Poppins|600|||||||&#8221; header_3_text_color=&#8221;#F15A29&#8243; header_3_font_size=&#8221;32px&#8221; header_3_line_height=&#8221;1.5em&#8221; header_4_font=&#8221;Poppins|600|||||||&#8221; header_4_text_color=&#8221;#404041&#8243; header_4_font_size=&#8221;32px&#8221; header_4_line_height=&#8221;1.5em&#8221; text_font_size_tablet=&#8221;18px&#8221; text_font_size_phone=&#8221;16px&#8221; text_font_size_last_edited=&#8221;on|phone&#8221; inline_fonts=&#8221;Poppins&#8221; global_colors_info=&#8221;{}&#8221;]<\/p>\n<p>Hacemos un seguimiento del progreso de nuestros beneficiarios de subvenciones con medidas de \u00e9xito relacionadas m\u00e1s estrechamente con nuestros objetivos y trabajo. Entre ellos se incluyen la salud financiera general, el aumento de la capacidad organizativa y la capacidad de ampliar o replicar los servicios.<\/p>\n<p>El FEBG reeval\u00faa continuamente estas medidas de progreso a medida que el ecosistema cambia, los programas e iniciativas de BSO maduran y los negocios de los emprendedores crecen y cambian.<\/p>\n<h3><\/h3>\n<p>[\/et_pb_text][\/et_pb_column][\/et_pb_row][\/et_pb_section]<\/p>\n","protected":false},"excerpt":{"rendered":"<p>Las comunidades negras y latinas han sido excluidas de la conversaci\u00f3n durante demasiado tiempo y han perdido oportunidades de crear patrimonio tanto para s\u00ed mismas como para sus comunidades. &nbsp; El trabajo de la FEBG permite que los empresarios negros y latinos obtengan los recursos que necesitan para hacer crecer sus negocios y aumentar su [&hellip;]<\/p>\n","protected":false},"author":1,"featured_media":0,"parent":0,"menu_order":0,"comment_status":"closed","ping_status":"closed","template":"","meta":{"_et_pb_use_builder":"on","_et_pb_old_content":"","_et_gb_content_width":"","footnotes":""},"class_list":["post-1173","page","type-page","status-publish","hentry"],"_links":{"self":[{"href":"https:\/\/equitablebizgrowth.org\/es\/wp-json\/wp\/v2\/pages\/1173","targetHints":{"allow":["GET"]}}],"collection":[{"href":"https:\/\/equitablebizgrowth.org\/es\/wp-json\/wp\/v2\/pages"}],"about":[{"href":"https:\/\/equitablebizgrowth.org\/es\/wp-json\/wp\/v2\/types\/page"}],"author":[{"embeddable":true,"href":"https:\/\/equitablebizgrowth.org\/es\/wp-json\/wp\/v2\/users\/1"}],"replies":[{"embeddable":true,"href":"https:\/\/equitablebizgrowth.org\/es\/wp-json\/wp\/v2\/comments?post=1173"}],"version-history":[{"count":8,"href":"https:\/\/equitablebizgrowth.org\/es\/wp-json\/wp\/v2\/pages\/1173\/revisions"}],"predecessor-version":[{"id":1540,"href":"https:\/\/equitablebizgrowth.org\/es\/wp-json\/wp\/v2\/pages\/1173\/revisions\/1540"}],"wp:attachment":[{"href":"https:\/\/equitablebizgrowth.org\/es\/wp-json\/wp\/v2\/media?parent=1173"}],"curies":[{"name":"wp","href":"https:\/\/api.w.org\/{rel}","templated":true}]}}